{"id":96,"date":"2022-09-02T16:22:25","date_gmt":"2022-09-02T07:22:25","guid":{"rendered":"http:\/\/webclick0057.webclick.co.kr\/?page_id=96"},"modified":"2025-04-07T14:54:33","modified_gmt":"2025-04-07T05:54:33","slug":"quality-management","status":"publish","type":"page","link":"https:\/\/nanocsp.com\/ger\/quality-management\/","title":{"rendered":"Qualit\u00e4tsmanagementrichtlinien"},"content":{"rendered":"<div class=\"wpb-content-wrapper\"><p>[vc_row full_width=&#8220;stretch_row_content_no_spaces&#8220; el_class=&#8220;sub_menu&#8220;][vc_column][vc_wp_custommenu nav_menu=&#8220;16&#8243; el_class=&#8220;sub_menu_col sub_menu_col3&#8243;][\/vc_column][\/vc_row][vc_row el_class=&#8220;w1200&#8243;][vc_column]<div class=\"ult-spacer spacer-69f5b0bb2450b\" data-id=\"69f5b0bb2450b\" data-height=\"100\" data-height-mobile=\"50\" data-height-tab=\"\" data-height-tab-portrait=\"\" data-height-mobile-landscape=\"50\" style=\"clear:both;display:block;\"><\/div>[vc_row_inner][vc_column_inner width=&#8220;1\/2&#8243;]<div class=\"ult-animation  ult-animate-viewport  ult-no-mobile \" data-animate=\"fadeInLeft\" data-animation-delay=\"0\" data-animation-duration=\"3\" data-animation-iteration=\"1\" style=\"opacity:0;\" data-opacity_start_effect=\"\">[vc_single_image image=&#8220;98&#8243; img_size=&#8220;full&#8220; alignment=&#8220;center&#8220; css=&#8220;.vc_custom_1661840793502{margin-bottom: 0px !important;}&#8220;]<\/div><div class=\"ult-spacer spacer-69f5b0bb24551\" data-id=\"69f5b0bb24551\" data-height=\"0\" data-height-mobile=\"30\" data-height-tab=\"\" data-height-tab-portrait=\"\" data-height-mobile-landscape=\"30\" style=\"clear:both;display:block;\"><\/div>[\/vc_column_inner][vc_column_inner width=&#8220;1\/2&#8243;]<div class=\"ult-animation m30 ult-animate-viewport  ult-no-mobile \" data-animate=\"fadeInRight\" data-animation-delay=\"0\" data-animation-duration=\"3\" data-animation-iteration=\"1\" style=\"opacity:0;\" data-opacity_start_effect=\"\">[vc_single_image image=&#8220;99&#8243; img_size=&#8220;full&#8220; css=&#8220;.vc_custom_1662101891853{margin-bottom: 0px !important;}&#8220;]<\/div><div class=\"ult-spacer spacer-69f5b0bb24580\" data-id=\"69f5b0bb24580\" data-height=\"20\" data-height-mobile=\"20\" data-height-tab=\"20\" data-height-tab-portrait=\"\" data-height-mobile-landscape=\"\" style=\"clear:both;display:block;\"><\/div><div class=\"ult-animation m30 ult-animate-viewport  ult-no-mobile \" data-animate=\"fadeInRight\" data-animation-delay=\"0\" data-animation-duration=\"3\" data-animation-iteration=\"1\" style=\"opacity:0;\" data-opacity_start_effect=\"\"><div class=\"uavc-list-icon uavc-list-icon-wrapper ult-adjust-bottom-margin   vc_custom_1662101913570  vc_custom_1662101913570\"><ul class=\"uavc-list\"><li><div class=\"uavc-list-content\" id=\"list-icon-wrap-7169\">\n<div class=\"uavc-list-icon  \" data-animation=\"\" data-animation-delay=\"03\" style=\"margin-right:15px;\"><div class=\"ult-just-icon-wrapper  \"><div class=\"align-icon\" style=\"text-align:center;\">\n<div class=\"aio-icon none \"  style=\"color:#065aac;font-size:5px;display:inline-block;\">\n\t<i class=\"fas fa-dot-circle\"><\/i>\n<\/div><\/div><\/div>\n<\/div><span  data-ultimate-target='#list-icon-wrap-7169 .uavc-list-desc'  data-responsive-json-new='{\"font-size\":\"desktop:16px;\",\"line-height\":\"desktop:30px;\"}'  class=\"uavc-list-desc ult-responsive\" style=\"\">Einhaltung der Kundenanforderungen hinsichtlich der Qualit\u00e4t<\/span><\/div><\/li><\/ul><\/div><div class=\"uavc-list-icon uavc-list-icon-wrapper ult-adjust-bottom-margin   vc_custom_1662102068054  vc_custom_1662102068054\"><ul class=\"uavc-list\"><li><div class=\"uavc-list-content\" id=\"list-icon-wrap-8908\">\n<div class=\"uavc-list-icon  \" data-animation=\"\" data-animation-delay=\"03\" style=\"margin-right:15px;\"><div class=\"ult-just-icon-wrapper  \"><div class=\"align-icon\" style=\"text-align:center;\">\n<div class=\"aio-icon none \"  style=\"color:#065aac;font-size:5px;display:inline-block;\">\n\t<i class=\"fas fa-dot-circle\"><\/i>\n<\/div><\/div><\/div>\n<\/div><span  data-ultimate-target='#list-icon-wrap-8908 .uavc-list-desc'  data-responsive-json-new='{\"font-size\":\"desktop:16px;\",\"line-height\":\"desktop:30px;\"}'  class=\"uavc-list-desc ult-responsive\" style=\"\">Sicherung der Kostenwettbewerbsf\u00e4higkeit durch Innovation im F&amp;E-Prozess und Multifunktionalisierung der Arbeit<\/span><\/div><\/li><\/ul><\/div><div class=\"uavc-list-icon uavc-list-icon-wrapper ult-adjust-bottom-margin   vc_custom_1662102068054  vc_custom_1662102068054\"><ul class=\"uavc-list\"><li><div class=\"uavc-list-content\" id=\"list-icon-wrap-9074\">\n<div class=\"uavc-list-icon  \" data-animation=\"\" data-animation-delay=\"03\" style=\"margin-right:15px;\"><div class=\"ult-just-icon-wrapper  \"><div class=\"align-icon\" style=\"text-align:center;\">\n<div class=\"aio-icon none \"  style=\"color:#065aac;font-size:5px;display:inline-block;\">\n\t<i class=\"fas fa-dot-circle\"><\/i>\n<\/div><\/div><\/div>\n<\/div><span  data-ultimate-target='#list-icon-wrap-9074 .uavc-list-desc'  data-responsive-json-new='{\"font-size\":\"desktop:16px;\",\"line-height\":\"desktop:30px;\"}'  class=\"uavc-list-desc ult-responsive\" style=\"\">Wir verpflichten uns, Null-Fehler-Raten sicherzustellen und die Kundenzufriedenheit durch die Einhaltung von Qualit\u00e4tsverfahren und -richtlinien zu maximieren.<\/span><\/div><\/li><\/ul><\/div><div class=\"uavc-list-icon uavc-list-icon-wrapper ult-adjust-bottom-margin   vc_custom_1662102068054  vc_custom_1662102068054\"><ul class=\"uavc-list\"><li><div class=\"uavc-list-content\" id=\"list-icon-wrap-6902\">\n<div class=\"uavc-list-icon  \" data-animation=\"\" data-animation-delay=\"03\" style=\"margin-right:15px;\"><div class=\"ult-just-icon-wrapper  \"><div class=\"align-icon\" style=\"text-align:center;\">\n<div class=\"aio-icon none \"  style=\"color:#065aac;font-size:5px;display:inline-block;\">\n\t<i class=\"fas fa-dot-circle\"><\/i>\n<\/div><\/div><\/div>\n<\/div><span  data-ultimate-target='#list-icon-wrap-6902 .uavc-list-desc'  data-responsive-json-new='{\"font-size\":\"desktop:16px;\",\"line-height\":\"desktop:30px;\"}'  class=\"uavc-list-desc ult-responsive\" style=\"\">Erreichen eines umweltfreundlichen Gesch\u00e4fts und unfallfreier Arbeitspl\u00e4tze durch kontinuierliche Umweltverbesserung<\/span><\/div><\/li><\/ul><\/div><div class=\"uavc-list-icon uavc-list-icon-wrapper ult-adjust-bottom-margin   vc_custom_1662102068054  vc_custom_1662102068054\"><ul class=\"uavc-list\"><li><div class=\"uavc-list-content\" id=\"list-icon-wrap-3237\">\n<div class=\"uavc-list-icon  \" data-animation=\"\" data-animation-delay=\"03\" style=\"margin-right:15px;\"><div class=\"ult-just-icon-wrapper  \"><div class=\"align-icon\" style=\"text-align:center;\">\n<div class=\"aio-icon none \"  style=\"color:#065aac;font-size:5px;display:inline-block;\">\n\t<i class=\"fas fa-dot-circle\"><\/i>\n<\/div><\/div><\/div>\n<\/div><span  data-ultimate-target='#list-icon-wrap-3237 .uavc-list-desc'  data-responsive-json-new='{\"font-size\":\"desktop:16px;\",\"line-height\":\"desktop:30px;\"}'  class=\"uavc-list-desc ult-responsive\" style=\"\">Schaffung einer Grundlage f\u00fcr eine angenehme Arbeitskultur und die Gew\u00e4hrleistung einer lebenslangen Besch\u00e4ftigung<\/span><\/div><\/li><\/ul><\/div><div class=\"uavc-list-icon uavc-list-icon-wrapper ult-adjust-bottom-margin   vc_custom_1662102068054  vc_custom_1662102068054\"><ul class=\"uavc-list\"><li><div class=\"uavc-list-content\" id=\"list-icon-wrap-5296\">\n<div class=\"uavc-list-icon  \" data-animation=\"\" data-animation-delay=\"03\" style=\"margin-right:15px;\"><div class=\"ult-just-icon-wrapper  \"><div class=\"align-icon\" style=\"text-align:center;\">\n<div class=\"aio-icon none \"  style=\"color:#065aac;font-size:5px;display:inline-block;\">\n\t<i class=\"fas fa-dot-circle\"><\/i>\n<\/div><\/div><\/div>\n<\/div><span  data-ultimate-target='#list-icon-wrap-5296 .uavc-list-desc'  data-responsive-json-new='{\"font-size\":\"desktop:16px;\",\"line-height\":\"desktop:30px;\"}'  class=\"uavc-list-desc ult-responsive\" style=\"\">Bieten Sie Ihren Kunden differenzierte Dienstleistungen, indem Sie Gesch\u00e4ftsgeschwindigkeit und Informationen als einzigartige Unternehmenskultur etablieren<\/span><\/div><\/li><\/ul><\/div><\/div>[\/vc_column_inner][\/vc_row_inner]<div class=\"ult-spacer spacer-69f5b0bb249a6\" data-id=\"69f5b0bb249a6\" data-height=\"100\" data-height-mobile=\"50\" data-height-tab=\"\" data-height-tab-portrait=\"\" data-height-mobile-landscape=\"50\" style=\"clear:both;display:block;\"><\/div>[\/vc_column][\/vc_row]<\/p>\n<\/div>","protected":false},"excerpt":{"rendered":"<p>[vc_row full_width=&#8220;stretch_row_content_no_spaces&#8220; el_class=&#8220;sub_menu&#8220;][vc_column][vc_wp_custommenu nav_menu=&#8220;16&#8243; el_class=&#8220;sub_menu_col sub_menu_col3&#8243;][\/vc_column][\/vc_row][vc_row el_class=&#8220;w1200&#8243;][vc_column][vc_row_inner][vc_column_inner width=&#8220;1\/2&#8243;][\/vc_column_inner][vc_column_inner width=&#8220;1\/2&#8243;][\/vc_column_inner][\/vc_row_inner][\/vc_column][\/vc_row]<\/p>\n","protected":false},"author":1,"featured_media":0,"parent":0,"menu_order":0,"comment_status":"closed","ping_status":"closed","template":"","meta":{"footnotes":""},"class_list":["post-96","page","type-page","status-publish","hentry","description-off"],"aioseo_notices":[],"_links":{"self":[{"href":"https:\/\/nanocsp.com\/ger\/wp-json\/wp\/v2\/pages\/96","targetHints":{"allow":["GET"]}}],"collection":[{"href":"https:\/\/nanocsp.com\/ger\/wp-json\/wp\/v2\/pages"}],"about":[{"href":"https:\/\/nanocsp.com\/ger\/wp-json\/wp\/v2\/types\/page"}],"author":[{"embeddable":true,"href":"https:\/\/nanocsp.com\/ger\/wp-json\/wp\/v2\/users\/1"}],"replies":[{"embeddable":true,"href":"https:\/\/nanocsp.com\/ger\/wp-json\/wp\/v2\/comments?post=96"}],"version-history":[{"count":2,"href":"https:\/\/nanocsp.com\/ger\/wp-json\/wp\/v2\/pages\/96\/revisions"}],"predecessor-version":[{"id":735,"href":"https:\/\/nanocsp.com\/ger\/wp-json\/wp\/v2\/pages\/96\/revisions\/735"}],"wp:attachment":[{"href":"https:\/\/nanocsp.com\/ger\/wp-json\/wp\/v2\/media?parent=96"}],"curies":[{"name":"wp","href":"https:\/\/api.w.org\/{rel}","templated":true}]}}