{"id":84,"date":"2022-08-30T14:14:26","date_gmt":"2022-08-30T05:14:26","guid":{"rendered":"http:\/\/webclick0057.webclick.co.kr\/?page_id=84"},"modified":"2025-04-05T21:23:58","modified_gmt":"2025-04-05T12:23:58","slug":"greetings","status":"publish","type":"page","link":"https:\/\/nanocsp.com\/ger\/greetings\/","title":{"rendered":"Gr\u00fc\u00dfe"},"content":{"rendered":"<div class=\"wpb-content-wrapper\"><p>[vc_row full_width=&#8220;stretch_row_content_no_spaces&#8220; el_class=&#8220;sub_menu&#8220;][vc_column][vc_wp_custommenu nav_menu=&#8220;14&#8243; el_class=&#8220;sub_menu_col sub_menu_col5&#8243;][\/vc_column][\/vc_row][vc_row el_class=&#8220;w1200&#8243;][vc_column]<div class=\"ult-spacer spacer-69ee2a8800a44\" data-id=\"69ee2a8800a44\" data-height=\"100\" data-height-mobile=\"50\" data-height-tab=\"\" data-height-tab-portrait=\"\" data-height-mobile-landscape=\"50\" style=\"clear:both;display:block;\"><\/div>[vc_row_inner css=&#8220;.vc_custom_1661839517472{margin-bottom: 0px !important;}&#8220;][vc_column_inner width=&#8220;1\/2&#8243;]<div class=\"ult-animation  ult-animate-viewport  ult-no-mobile \" data-animate=\"fadeInUp\" data-animation-delay=\"0\" data-animation-duration=\"3\" data-animation-iteration=\"1\" style=\"opacity:0;\" data-opacity_start_effect=\"\">[vc_single_image image=&#8220;90&#8243; img_size=&#8220;full&#8220; alignment=&#8220;center&#8220; css=&#8220;.vc_custom_1661839494373{margin-bottom: 0px !important;}&#8220;]<\/div><div class=\"ult-spacer spacer-69ee2a8800a90\" data-id=\"69ee2a8800a90\" data-height=\"0\" data-height-mobile=\"30\" data-height-tab=\"\" data-height-tab-portrait=\"\" data-height-mobile-landscape=\"30\" style=\"clear:both;display:block;\"><\/div>[\/vc_column_inner][vc_column_inner width=&#8220;1\/2&#8243;]<div class=\"ult-animation  ult-animate-viewport  ult-no-mobile \" data-animate=\"fadeInDown\" data-animation-delay=\"0\" data-animation-duration=\"3\" data-animation-iteration=\"1\" style=\"opacity:0;\" data-opacity_start_effect=\"\">[vc_column_text css=&#8220;.vc_custom_1742867536550{margin-bottom: 20px !important;}&#8220; el_class=&#8220;f30l38 fw300 c333&#8243;]Hallo.<br \/>\nDynamische Unternehmenswebseite von CSP Co., Ltd.<br \/>\nVielen Dank f\u00fcr Ihren Besuch.[\/vc_column_text]<\/div><div class=\"ult-animation  ult-animate-viewport  ult-no-mobile \" data-animate=\"fadeInDown\" data-animation-delay=\"0\" data-animation-duration=\"3\" data-animation-iteration=\"1\" style=\"opacity:0;\" data-opacity_start_effect=\"\">[vc_column_text css=&#8220;.vc_custom_1742867548935{margin-bottom: 20px !important;}&#8220; el_class=&#8220;f16l30&#8243;]CSP Co., Ltd. ist ein Unternehmen, das Reinigungsprodukte anbietet, die f\u00fcr verschiedene Reinigungsprozesse wie Halbleiter, LCD, AM OLED und TSP erforderlich sind.<br \/>\nAls spezialisiertes Unternehmen, das chemische L\u00f6sungen erforscht, entwickelt, herstellt und liefert, erf\u00fcllen wir die Bed\u00fcrfnisse unserer Kunden.<br \/>\nWir entwickeln und fertigen Produkte, um mehr Mehrwert zu schaffen und gemeinsam mit unseren Kunden zu wachsen.<br \/>\nIch versuche es.[\/vc_column_text]<\/div><div class=\"ult-animation  ult-animate-viewport  ult-no-mobile \" data-animate=\"fadeInDown\" data-animation-delay=\"0\" data-animation-duration=\"3\" data-animation-iteration=\"1\" style=\"opacity:0;\" data-opacity_start_effect=\"\">[vc_column_text css=&#8220;.vc_custom_1742867559326{margin-bottom: 20px !important;}&#8220; el_class=&#8220;f16l30&#8243;]Neben dem chemischen Bereich bieten wir auch verschiedene Reinigungsger\u00e4te, Teilereinigungsanlagen und chemische<br \/>\nDar\u00fcber hinaus entwickeln, konstruieren und fertigen wir Versorgungssysteme.[\/vc_column_text]<\/div><div class=\"ult-animation  ult-animate-viewport  ult-no-mobile \" data-animate=\"fadeInDown\" data-animation-delay=\"0\" data-animation-duration=\"3\" data-animation-iteration=\"1\" style=\"opacity:0;\" data-opacity_start_effect=\"\">[vc_column_text css=&#8220;.vc_custom_1742867578369{margin-bottom: 0px !important;}&#8220; el_class=&#8220;f16l30&#8243;]Um ein Unternehmen zu werden, das durch besseren Service die Kundenzufriedenheit steigert, entwickeln wir neue Technologien.<br \/>\nCSP ist ein dynamisches Unternehmen, das kontinuierlich neue Produkte entwickelt, die Qualit\u00e4t verbessert und sich hervorragende Talente sichert.<br \/>\nDamit ich dies verwirklichen kann, m\u00f6chte ich Sie um Ihr Interesse, Ihre Ermutigung und Ihren gro\u00dfz\u00fcgigen Rat und Ihre Unterst\u00fctzung bitten.[\/vc_column_text][vc_single_image image=&#8220;874&#8243; img_size=&#8220;full&#8220; alignment=&#8220;right&#8220; css=&#8220;&#8220;]<\/div>[\/vc_column_inner][\/vc_row_inner]<div class=\"ult-spacer spacer-69ee2a8800b28\" data-id=\"69ee2a8800b28\" data-height=\"100\" data-height-mobile=\"50\" data-height-tab=\"\" data-height-tab-portrait=\"\" data-height-mobile-landscape=\"50\" style=\"clear:both;display:block;\"><\/div>[\/vc_column][\/vc_row]<\/p>\n<\/div>","protected":false},"excerpt":{"rendered":"<p>[vc_row full_width=&#8220;stretch_row_content_no_spaces&#8220; el_class=&#8220;sub_menu&#8220;][vc_column][vc_wp_custommenu nav_menu=&#8220;14&#8243; el_class=&#8220;sub_menu_col sub_menu_col5&#8243;][\/vc_column][\/vc_row][vc_row el_class=&#8220;w1200&#8243;][vc_column][vc_row_inner css=&#8220;.vc_custom_1661839517472{margin-bottom: 0px !important;}&#8220;][vc_column_inner width=&#8220;1\/2&#8243;][\/vc_column_inner][vc_column_inner width=&#8220;1\/2&#8243;][\/vc_column_inner][\/vc_row_inner][\/vc_column][\/vc_row]<\/p>\n","protected":false},"author":1,"featured_media":0,"parent":0,"menu_order":0,"comment_status":"closed","ping_status":"closed","template":"","meta":{"footnotes":""},"class_list":["post-84","page","type-page","status-publish","hentry","description-off"],"aioseo_notices":[],"_links":{"self":[{"href":"https:\/\/nanocsp.com\/ger\/wp-json\/wp\/v2\/pages\/84","targetHints":{"allow":["GET"]}}],"collection":[{"href":"https:\/\/nanocsp.com\/ger\/wp-json\/wp\/v2\/pages"}],"about":[{"href":"https:\/\/nanocsp.com\/ger\/wp-json\/wp\/v2\/types\/page"}],"author":[{"embeddable":true,"href":"https:\/\/nanocsp.com\/ger\/wp-json\/wp\/v2\/users\/1"}],"replies":[{"embeddable":true,"href":"https:\/\/nanocsp.com\/ger\/wp-json\/wp\/v2\/comments?post=84"}],"version-history":[{"count":3,"href":"https:\/\/nanocsp.com\/ger\/wp-json\/wp\/v2\/pages\/84\/revisions"}],"predecessor-version":[{"id":875,"href":"https:\/\/nanocsp.com\/ger\/wp-json\/wp\/v2\/pages\/84\/revisions\/875"}],"wp:attachment":[{"href":"https:\/\/nanocsp.com\/ger\/wp-json\/wp\/v2\/media?parent=84"}],"curies":[{"name":"wp","href":"https:\/\/api.w.org\/{rel}","templated":true}]}}